{"id":32,"date":"2019-10-15T13:49:05","date_gmt":"2019-10-15T13:49:05","guid":{"rendered":"http:\/\/www.munkavedelem-elelmiszeresital.hu\/?page_id=32"},"modified":"2024-07-19T08:18:57","modified_gmt":"2024-07-19T08:18:57","slug":"videok","status":"publish","type":"page","link":"https:\/\/www.munkavedelem-elelmiszeresital.hu\/index.php\/videok\/","title":{"rendered":"Vide\u00f3k"},"content":{"rendered":"<p style=\"text-align: justify;\">A vide\u00f3k seg\u00edts\u00e9g\u00e9vel bemutatjuk azokat az \u00e1gazatra jellemz\u0151 szitu\u00e1ci\u00f3kat, vesz\u00e9lyforr\u00e1sokat \u00e9s megold\u00e1si javaslatokat, amik seg\u00edthetnek minket a mindennapokban, hogy g\u00f6rd\u00fcl\u00e9kenyen \u00e9s biztons\u00e1gosan v\u00e9gezhess\u00fck munk\u00e1nkat megfelel\u0151 munkak\u00f6rnyezetben.<\/p>\n\n\n<figure class=\"wp-block-embed-youtube wp-block-embed is-type-video is-provider-youtube wp-embed-aspect-16-9 wp-has-aspect-ratio\"><div class=\"wp-block-embed__wrapper\">\n<iframe loading=\"lazy\" title=\"Munkav\u00e9delem - \u00c9lelmiszer ipar\" width=\"1170\" height=\"658\" src=\"https:\/\/www.youtube.com\/embed\/wf10AoIM3No?feature=oembed\" frameborder=\"0\" allow=\"accelerometer; autoplay; encrypted-media; gyroscope; picture-in-picture\" allowfullscreen><\/iframe>\n<\/div><\/figure>\n\n\n<p><\/p>\n<h3>Anim\u00e1ci\u00f3s kisfilmek:<\/h3>\n\n\n<figure class=\"wp-block-embed-youtube wp-block-embed is-type-video is-provider-youtube wp-embed-aspect-16-9 wp-has-aspect-ratio\"><div class=\"wp-block-embed__wrapper\">\n<iframe loading=\"lazy\" title=\"\u00dczembetart\u00f3i ellen\u0151rz\u00e9s az \u00e9lelmiszergy\u00e1rt\u00e1sban\" width=\"1170\" height=\"658\" src=\"https:\/\/www.youtube.com\/embed\/49ni5ERxcDM?feature=oembed\" frameborder=\"0\" allow=\"accelerometer; autoplay; encrypted-media; gyroscope; picture-in-picture\" allowfullscreen><\/iframe>\n<\/div><\/figure>\n\n\n\n<figure class=\"wp-block-embed-youtube wp-block-embed is-type-video is-provider-youtube wp-embed-aspect-16-9 wp-has-aspect-ratio\"><div class=\"wp-block-embed__wrapper\">\n<iframe loading=\"lazy\" title=\"A kock\u00e1zatok hat\u00e1rozz\u00e1k meg, hogy milyen v\u00e9d\u0151felszerel\u00e9st hordunk\" width=\"1170\" height=\"658\" src=\"https:\/\/www.youtube.com\/embed\/ykV9JcAeJtE?feature=oembed\" frameborder=\"0\" allow=\"accelerometer; autoplay; encrypted-media; gyroscope; picture-in-picture\" allowfullscreen><\/iframe>\n<\/div><\/figure>\n\n\n\n<figure class=\"wp-block-embed-youtube wp-block-embed is-type-video is-provider-youtube wp-embed-aspect-16-9 wp-has-aspect-ratio\"><div class=\"wp-block-embed__wrapper\">\n<iframe loading=\"lazy\" title=\"Fontos a megel\u0151z\u0151 karbantart\u00e1s \u00e9s ellen\u0151rz\u00e9s\" width=\"1170\" height=\"658\" src=\"https:\/\/www.youtube.com\/embed\/iVyxIbTnqwY?feature=oembed\" frameborder=\"0\" allow=\"accelerometer; autoplay; encrypted-media; gyroscope; picture-in-picture\" allowfullscreen><\/iframe>\n<\/div><\/figure>\n","protected":false},"excerpt":{"rendered":"<p>A vide\u00f3k seg\u00edts\u00e9g\u00e9vel bemutatjuk azokat az \u00e1gazatra jellemz\u0151 szitu\u00e1ci\u00f3kat, vesz\u00e9lyforr\u00e1sokat \u00e9s megold\u00e1si javaslatokat, amik seg\u00edthetnek minket a mindennapokban, hogy g\u00f6rd\u00fcl\u00e9kenyen \u00e9s biztons\u00e1gosan v\u00e9gezhess\u00fck munk\u00e1nkat megfelel\u0151 munkak\u00f6rnyezetben. Anim\u00e1ci\u00f3s kisfilmek:<\/p>\n","protected":false},"author":1,"featured_media":0,"parent":0,"menu_order":0,"comment_status":"closed","ping_status":"closed","template":"","meta":{"footnotes":""},"class_list":["post-32","page","type-page","status-publish","hentry"],"_links":{"self":[{"href":"https:\/\/www.munkavedelem-elelmiszeresital.hu\/index.php\/wp-json\/wp\/v2\/pages\/32","targetHints":{"allow":["GET"]}}],"collection":[{"href":"https:\/\/www.munkavedelem-elelmiszeresital.hu\/index.php\/wp-json\/wp\/v2\/pages"}],"about":[{"href":"https:\/\/www.munkavedelem-elelmiszeresital.hu\/index.php\/wp-json\/wp\/v2\/types\/page"}],"author":[{"embeddable":true,"href":"https:\/\/www.munkavedelem-elelmiszeresital.hu\/index.php\/wp-json\/wp\/v2\/users\/1"}],"replies":[{"embeddable":true,"href":"https:\/\/www.munkavedelem-elelmiszeresital.hu\/index.php\/wp-json\/wp\/v2\/comments?post=32"}],"version-history":[{"count":5,"href":"https:\/\/www.munkavedelem-elelmiszeresital.hu\/index.php\/wp-json\/wp\/v2\/pages\/32\/revisions"}],"predecessor-version":[{"id":196,"href":"https:\/\/www.munkavedelem-elelmiszeresital.hu\/index.php\/wp-json\/wp\/v2\/pages\/32\/revisions\/196"}],"wp:attachment":[{"href":"https:\/\/www.munkavedelem-elelmiszeresital.hu\/index.php\/wp-json\/wp\/v2\/media?parent=32"}],"curies":[{"name":"wp","href":"https:\/\/api.w.org\/{rel}","templated":true}]}}