{"id":24,"date":"2019-10-15T13:46:56","date_gmt":"2019-10-15T13:46:56","guid":{"rendered":"http:\/\/www.munkavedelem-elelmiszeresital.hu\/?page_id=24"},"modified":"2020-01-18T19:57:35","modified_gmt":"2020-01-18T19:57:35","slug":"munkavallalok-reszere-2","status":"publish","type":"page","link":"https:\/\/www.munkavedelem-elelmiszeresital.hu\/index.php\/munkavallalok-reszere-2\/","title":{"rendered":"Munkav\u00e1llal\u00f3k r\u00e9sz\u00e9re"},"content":{"rendered":"<p><span style=\"color: #000000;\"><strong>K\u00e9rj\u00fck adja meg e-mail c\u00edm\u00e9t, amire a rendszer a kit\u00f6lt\u00e9s v\u00e9gezt\u00e9vel elk\u00fcldi \u00d6nnek az eredm\u00e9ny\u00e9t!<\/strong><\/span><\/p>\n<p><span style=\"color: #000000;\">El\u00e9rhet\u0151 maxim\u00e1lis pontsz\u00e1m: 26 pont<\/span><br \/><span style=\"color: #000000;\">A \u201cmegfelelt\u201d szinthez sz\u00fcks\u00e9ges pontsz\u00e1m: 22 pon<\/span>t<\/p>\n\n<div id=\"watu_quiz\" class=\"quiz-area single-page-quiz\">\n<form action=\"\" method=\"post\" class=\"quiz-form \" id=\"quiz-3\" >\n\t<p class=\"watu_taker_email\">Please enter your email: <input type=\"text\" name=\"watu_taker_email\" id=\"watuTakerEmail\"><\/p>\n<div class='watu-question' id='question-1'><div class='question-content'><p><span class='watu_num'>1. <\/span><strong>V\u00e1lassza ki a munkabiztons\u00e1g helyes meghat\u00e1roz\u00e1s\u00e1t az al\u00e1bbiak k\u00f6z\u00fcl! (3 pont)<\/strong><\/p>\n<\/div><input type='hidden' name='question_id[]' value='14' \/><div class='watu-questions-wrap '><input type='hidden' name='answer_ids[]' class='watu-answer-ids' value='38' \/><div class='watu-question-choice'><input type='radio' name='answer-14[]' id='answer-id-38' class='answer answer-1  answerof-14' value='38' \/>&nbsp;<label for='answer-id-38' id='answer-label-38' class=' answer label-1'><span class='answer'>a) A munkabiztons\u00e1g a munkak\u00f6r\u00fclm\u00e9nyek \u00e9s a munkav\u00e9gz\u00e9s szab\u00e1lyait hat\u00e1rozza meg, ill. ezek betart\u00e1s\u00e1t ellen\u0151rzi. Feladata a balesetek megel\u0151z\u00e9se, a bek\u00f6vetkezett balesetek kivizsg\u00e1l\u00e1sa, int\u00e9zked\u00e9sek, hogy a baleset ne ism\u00e9tl\u0151dhessen meg.<\/span><\/label><\/div>\n<input type='hidden' name='answer_ids[]' class='watu-answer-ids' value='39' \/><div class='watu-question-choice'><input type='radio' name='answer-14[]' id='answer-id-39' class='answer answer-1  answerof-14' value='39' \/>&nbsp;<label for='answer-id-39' id='answer-label-39' class=' answer label-1'><span class='answer'>b) A munkabiztons\u00e1g a munkahelyek megfelel\u0151 kialak\u00edt\u00e1sa \u00e9s az ott alkalmazott technol\u00f3gi\u00e1k, g\u00e9pek \u00e9s berendez\u00e9sek rendszeres ellen\u0151rz\u00e9s\u00e9t \u00e9s fel\u00fclvizsg\u00e1lat\u00e1t c\u00e9lz\u00f3 folyamatok \u00f6sszess\u00e9ge a munkahelyi balesetek elker\u00fcl\u00e9se \u00e9rdek\u00e9ben.<\/span><\/label><\/div>\n<input type='hidden' name='answer_ids[]' class='watu-answer-ids' value='40' \/><div class='watu-question-choice'><input type='radio' name='answer-14[]' id='answer-id-40' class='answer answer-1  answerof-14' value='40' \/>&nbsp;<label for='answer-id-40' id='answer-label-40' class=' answer label-1'><span class='answer'>c) A munkav\u00e1llal\u00f3k testi \u00e9ps\u00e9g\u00e9nek \u00e9s eg\u00e9szs\u00e9g\u00e9nek meg\u00f3v\u00e1s\u00e1t c\u00e9lz\u00f3 int\u00e9zked\u00e9sek \u00f6sszess\u00e9ge. C\u00e9lja a munkav\u00e9delmi helyzet jav\u00edt\u00e1sa a munkahelyeken.<\/span><\/label><\/div>\n<\/div><input type='hidden' id='questionType1' value='radio' class='required'><\/div><div class='watu-question' id='question-2'><div class='question-content'><p><span class='watu_num'>2. <\/span><strong>Milyen m\u00f3don mondhat le a munkav\u00e1llal\u00f3 a v\u00e9d\u0151felszerel\u00e9sek haszn\u00e1lat\u00e1r\u00f3l? (2 pont)<\/strong><\/p>\n<\/div><input type='hidden' name='question_id[]' value='15' \/><div class='watu-questions-wrap '><input type='hidden' name='answer_ids[]' class='watu-answer-ids' value='41' \/><div class='watu-question-choice'><input type='radio' name='answer-15[]' id='answer-id-41' class='answer answer-2  answerof-15' value='41' \/>&nbsp;<label for='answer-id-41' id='answer-label-41' class=' answer label-2'><span class='answer'>a) A munk\u00e1ltat\u00f3 fel\u00e9 beadott \u00edr\u00e1sos nyilatkozaton, mely k\u00e9t tan\u00fa \u00e1ltal  hiteles\u00edt\u00e9sre ker\u00fclt.<\/span><\/label><\/div>\n<input type='hidden' name='answer_ids[]' class='watu-answer-ids' value='42' \/><div class='watu-question-choice'><input type='radio' name='answer-15[]' id='answer-id-42' class='answer answer-2  answerof-15' value='42' \/>&nbsp;<label for='answer-id-42' id='answer-label-42' class=' answer label-2'><span class='answer'>b) A munkav\u00e1llal\u00f3 a v\u00e9d\u0151felszerel\u00e9sek haszn\u00e1lat\u00e1r\u00f3l \u00e9rv\u00e9nyesen nem mondhat le.<\/span><\/label><\/div>\n<input type='hidden' name='answer_ids[]' class='watu-answer-ids' value='43' \/><div class='watu-question-choice'><input type='radio' name='answer-15[]' id='answer-id-43' class='answer answer-2  answerof-15' value='43' \/>&nbsp;<label for='answer-id-43' id='answer-label-43' class=' answer label-2'><span class='answer'>c) Sz\u00f3ban lemondhat a k\u00f6zvetlen munkahelyi vezet\u0151j\u00e9n\u00e9l, amennyiben a lemond\u00e1sn\u00e1l k\u00e9t m\u00e1sik munkav\u00e1llal\u00f3 tan\u00fak\u00e9nt jelen van.<\/span><\/label><\/div>\n<\/div><input type='hidden' id='questionType2' value='radio' class='required'><\/div><div class='watu-question' id='question-3'><div class='question-content'><p><span class='watu_num'>3. <\/span><strong>A munkav\u00e1llal\u00f3 megtagadhatja a munkav\u00e9gz\u00e9st, amennyiben\u2026.. Fejezze be a mondatot! (2 pont)<\/strong><\/p>\n<\/div><input type='hidden' name='question_id[]' value='16' \/><div class='watu-questions-wrap '><input type='hidden' name='answer_ids[]' class='watu-answer-ids' value='44' \/><div class='watu-question-choice'><input type='radio' name='answer-16[]' id='answer-id-44' class='answer answer-3  answerof-16' value='44' \/>&nbsp;<label for='answer-id-44' id='answer-label-44' class=' answer label-3'><span class='answer'>a) azzal nem \u00e9rt egyet.<\/span><\/label><\/div>\n<input type='hidden' name='answer_ids[]' class='watu-answer-ids' value='45' \/><div class='watu-question-choice'><input type='radio' name='answer-16[]' id='answer-id-45' class='answer answer-3  answerof-16' value='45' \/>&nbsp;<label for='answer-id-45' id='answer-label-45' class=' answer label-3'><span class='answer'>b) azzal k\u00f6zvetlen\u00fcl \u00e9s s\u00falyosan vesz\u00e9lyeztetn\u00e9 a saj\u00e1t \u00e9let\u00e9t, testi \u00e9ps\u00e9g\u00e9t.<\/span><\/label><\/div>\n<input type='hidden' name='answer_ids[]' class='watu-answer-ids' value='46' \/><div class='watu-question-choice'><input type='radio' name='answer-16[]' id='answer-id-46' class='answer answer-3  answerof-16' value='46' \/>&nbsp;<label for='answer-id-46' id='answer-label-46' class=' answer label-3'><span class='answer'>c) azzal k\u00f6zvetetten vesz\u00e9lyeztetn\u00e9 az eg\u00e9szs\u00e9g\u00e9t.<\/span><\/label><\/div>\n<\/div><input type='hidden' id='questionType3' value='radio' class='required'><\/div><div class='watu-question' id='question-4'><div class='question-content'><p><span class='watu_num'>4. <\/span><strong>Ki v\u00e9gezheti el a g\u00e9pek, berendez\u00e9sek karbantart\u00e1s\u00e1t, tiszt\u00edt\u00e1s\u00e1t, jav\u00edt\u00e1s\u00e1t? (3 pont)<\/strong><\/p>\n<\/div><input type='hidden' name='question_id[]' value='17' \/><div class='watu-questions-wrap '><input type='hidden' name='answer_ids[]' class='watu-answer-ids' value='47' \/><div class='watu-question-choice'><input type='radio' name='answer-17[]' id='answer-id-47' class='answer answer-4  answerof-17' value='47' \/>&nbsp;<label for='answer-id-47' id='answer-label-47' class=' answer label-4'><span class='answer'>a) B\u00e1rki elv\u00e9gezheti.<\/span><\/label><\/div>\n<input type='hidden' name='answer_ids[]' class='watu-answer-ids' value='48' \/><div class='watu-question-choice'><input type='radio' name='answer-17[]' id='answer-id-48' class='answer answer-4  answerof-17' value='48' \/>&nbsp;<label for='answer-id-48' id='answer-label-48' class=' answer label-4'><span class='answer'>b) Csak az arra kijel\u00f6lt \u00e9s feladat elv\u00e9gz\u00e9s\u00e9vel megb\u00edzott szem\u00e9ly, aki ismeri a<br \/>\nb) Csak az arra kijel\u00f6lt \u00e9s feladat elv\u00e9gz\u00e9s\u00e9vel megb\u00edzott szem\u00e9ly, aki ismeri a vonatkoz\u00f3 biztons\u00e1gi \u00e9s technol\u00f3giai el\u0151\u00edr\u00e1sokat \u00e9s rendelkezik a v\u00e9grehajt\u00e1s\u00e1hoz sz\u00fcks\u00e9ge eszk\u00f6z\u00f6kkel.<\/span><\/label><\/div>\n<input type='hidden' name='answer_ids[]' class='watu-answer-ids' value='49' \/><div class='watu-question-choice'><input type='radio' name='answer-17[]' id='answer-id-49' class='answer answer-4  answerof-17' value='49' \/>&nbsp;<label for='answer-id-49' id='answer-label-49' class=' answer label-4'><span class='answer'>c) Kiz\u00e1r\u00f3lag a karbantart\u00f3i munkak\u00f6rben foglalkoztatott munkav\u00e1llal\u00f3 v\u00e9gezhet ilyen tev\u00e9kenys\u00e9get.<\/span><\/label><\/div>\n<\/div><input type='hidden' id='questionType4' value='radio' class='required'><\/div><div class='watu-question' id='question-5'><div class='question-content'><p><span class='watu_num'>5. <\/span><strong>Mikor ny\u00falhat be a berendez\u00e9s kezel\u00e9s\u00e9vel megb\u00edzott munkav\u00e1llal\u00f3 a g\u00e9p bels\u0151 ter\u00e9be? (3 pont)<\/strong><\/p>\n<\/div><input type='hidden' name='question_id[]' value='18' \/><div class='watu-questions-wrap '><input type='hidden' name='answer_ids[]' class='watu-answer-ids' value='50' \/><div class='watu-question-choice'><input type='radio' name='answer-18[]' id='answer-id-50' class='answer answer-5  answerof-18' value='50' \/>&nbsp;<label for='answer-id-50' id='answer-label-50' class=' answer label-5'><span class='answer'>a) B\u00e1rmikor a m\u0171k\u00f6d\u00e9s sor\u00e1n \u00e9s az \u00fczemsz\u00fcnet alatt is egyar\u00e1nt.<\/span><\/label><\/div>\n<input type='hidden' name='answer_ids[]' class='watu-answer-ids' value='51' \/><div class='watu-question-choice'><input type='radio' name='answer-18[]' id='answer-id-51' class='answer answer-5  answerof-18' value='51' \/>&nbsp;<label for='answer-id-51' id='answer-label-51' class=' answer label-5'><span class='answer'>b) G\u00e9p, berendez\u00e9s bels\u0151 ter\u00e9be kiz\u00e1r\u00f3lag a hajt\u00f3motor le\u00e1ll\u00edt\u00e1sa \u00e9s a berendez\u00e9s m\u0171k\u00f6dtet\u0151 energiaforr\u00e1sr\u00f3l t\u00f6rt\u00e9n\u0151 szab\u00e1lyos lev\u00e1laszt\u00e1sa ut\u00e1n szabad.<\/span><\/label><\/div>\n<input type='hidden' name='answer_ids[]' class='watu-answer-ids' value='52' \/><div class='watu-question-choice'><input type='radio' name='answer-18[]' id='answer-id-52' class='answer answer-5  answerof-18' value='52' \/>&nbsp;<label for='answer-id-52' id='answer-label-52' class=' answer label-5'><span class='answer'>c) Semmilyen k\u00f6r\u00fclm\u00e9nyek k\u00f6z\u00f6tt nem ny\u00falhat a g\u00e9p, berendez\u00e9s bels\u0151 ter\u00e9be, arra csak a karbantart\u00e1st vagy jav\u00edt\u00e1st v\u00e9gz\u0151 akkredit\u00e1lt szolg\u00e1ltat\u00f3 megb\u00edzott munkav\u00e1llal\u00f3ja jogosult.<\/span><\/label><\/div>\n<\/div><input type='hidden' id='questionType5' value='radio' class='required'><\/div><div class='watu-question' id='question-6'><div class='question-content'><p><span class='watu_num'>6. <\/span><strong>Ki kezelhet g\u00e9pi meghajt\u00e1s\u00fa emel\u0151berendez\u00e9st (targonca, daru stb.) a munkahelyen? (2 pont)<\/strong><\/p>\n<\/div><input type='hidden' name='question_id[]' value='19' \/><div class='watu-questions-wrap '><input type='hidden' name='answer_ids[]' class='watu-answer-ids' value='53' \/><div class='watu-question-choice'><input type='radio' name='answer-19[]' id='answer-id-53' class='answer answer-6  answerof-19' value='53' \/>&nbsp;<label for='answer-id-53' id='answer-label-53' class=' answer label-6'><span class='answer'>a) G\u00e9pi meghajt\u00e1s\u00fa emel\u0151berendez\u00e9st kiz\u00e1r\u00f3lag a 18. \u00e9let\u00e9v\u00e9t bet\u00f6lt\u00f6tt, megfelel\u0151 szakir\u00e1ny\u00fa v\u00e9gzetts\u00e9ggel (emel\u0151g\u00e9p kezel\u0151i, k\u00f6nny\u0171g\u00e9p kezel\u0151i v\u00e9gzetts\u00e9g), kezel\u0151 jogos\u00edtv\u00e1nnyal, abban bejegyzett \u00e9rv\u00e9nyes orvosi alkalmass\u00e1ggal \u00e9s a munk\u00e1ltat\u00f3 r\u00e9sz\u00e9r\u0151l \u00edr\u00e1sbeli megb\u00edz\u00e1ssal rendelkez\u0151 munkav\u00e1llal\u00f3 kezelhet.<\/span><\/label><\/div>\n<input type='hidden' name='answer_ids[]' class='watu-answer-ids' value='54' \/><div class='watu-question-choice'><input type='radio' name='answer-19[]' id='answer-id-54' class='answer answer-6  answerof-19' value='54' \/>&nbsp;<label for='answer-id-54' id='answer-label-54' class=' answer label-6'><span class='answer'>b) B\u00e1rki kezelhet ilyen berendez\u00e9seket, akit a munk\u00e1ltat\u00f3ja megb\u00edzott sz\u00f3ban vagy \u00edr\u00e1sban.<\/span><\/label><\/div>\n<input type='hidden' name='answer_ids[]' class='watu-answer-ids' value='55' \/><div class='watu-question-choice'><input type='radio' name='answer-19[]' id='answer-id-55' class='answer answer-6  answerof-19' value='55' \/>&nbsp;<label for='answer-id-55' id='answer-label-55' class=' answer label-6'><span class='answer'>c) Csak emel\u0151g\u00e9pszak\u00e9rt\u0151i v\u00e9gzetts\u00e9ggel rendelkez\u0151 szem\u00e9ly kezelhet emel\u0151berendez\u00e9seket a munkahelyeken.<\/span><\/label><\/div>\n<\/div><input type='hidden' id='questionType6' value='radio' class='required'><\/div><div class='watu-question' id='question-7'><div class='question-content'><p><span class='watu_num'>7. <\/span><strong>Mi min\u0151s\u00fcl t\u00falzottan hideg, illet\u0151leg meleg munkak\u00f6rnyezetnek a munkahelyeken? (3 pont)<\/strong><\/p>\n<\/div><input type='hidden' name='question_id[]' value='20' \/><div class='watu-questions-wrap '><input type='hidden' name='answer_ids[]' class='watu-answer-ids' value='56' \/><div class='watu-question-choice'><input type='radio' name='answer-20[]' id='answer-id-56' class='answer answer-7  answerof-20' value='56' \/>&nbsp;<label for='answer-id-56' id='answer-label-56' class=' answer label-7'><span class='answer'>a) T\u00falzottan hideg munkak\u00f6rnyezetnek min\u0151s\u00fcl a z\u00e1rt t\u00e9ri k\u00f6rnyezetben +5 \u2070C, ny\u00edlt t\u00e9ri k\u00f6rnyezetben a 0 \u2070C h\u0151m\u00e9rs\u00e9kletet el nem \u00e9r\u0151, m\u00edg melegnek min\u0151s\u00fcl a +30 \u2070C h\u0151m\u00e9rs\u00e9kletet meghalad\u00f3 munkahelyi k\u00f6rnyezet.<\/span><\/label><\/div>\n<input type='hidden' name='answer_ids[]' class='watu-answer-ids' value='57' \/><div class='watu-question-choice'><input type='radio' name='answer-20[]' id='answer-id-57' class='answer answer-7  answerof-20' value='57' \/>&nbsp;<label for='answer-id-57' id='answer-label-57' class=' answer label-7'><span class='answer'>b) T\u00falzottan hideg munkak\u00f6rnyezetnek min\u0151s\u00fcl a z\u00e1rt t\u00e9ri k\u00f6rnyezetben 0 \u2070C, ny\u00edlt t\u00e9ri<br \/>\nb) T\u00falzottan hideg munkak\u00f6rnyezetnek min\u0151s\u00fcl a z\u00e1rt t\u00e9ri k\u00f6rnyezetben 0 \u2070C, ny\u00edlt t\u00e9ri k\u00f6rnyezetben a -5 \u2070C h\u0151m\u00e9rs\u00e9kletet el nem \u00e9r\u0151, m\u00edg melegnek min\u0151s\u00fcl a +25 \u2070C h\u0151m\u00e9rs\u00e9kletet meghalad\u00f3 munkahelyi k\u00f6rnyezet.<\/span><\/label><\/div>\n<input type='hidden' name='answer_ids[]' class='watu-answer-ids' value='58' \/><div class='watu-question-choice'><input type='radio' name='answer-20[]' id='answer-id-58' class='answer answer-7  answerof-20' value='58' \/>&nbsp;<label for='answer-id-58' id='answer-label-58' class=' answer label-7'><span class='answer'>c) T\u00falzottan hideg munkak\u00f6rnyezetnek min\u0151s\u00fcl a z\u00e1rt t\u00e9ri k\u00f6rnyezetben +10 \u2070C, ny\u00edlt t\u00e9ri k\u00f6rnyezetben a +4 \u2070C h\u0151m\u00e9rs\u00e9kletet el nem \u00e9r\u0151, m\u00edg melegnek min\u0151s\u00fcl a +24 \u2070C h\u0151m\u00e9rs\u00e9kletet meghalad\u00f3 munkahelyi k\u00f6rnyezet.<\/span><\/label><\/div>\n<\/div><input type='hidden' id='questionType7' value='radio' class='required'><\/div><div class='watu-question' id='question-8'><div class='question-content'><p><span class='watu_num'>8. <\/span><strong>Milyen kock\u00e1zati t\u00e9nyez\u0151k vesz\u00e9lyeztetik a nedves munkak\u00f6rnyezetben dolgoz\u00f3\u00a0munkav\u00e1llal\u00f3kat? (3 pont)<\/strong><\/p>\n<\/div><input type='hidden' name='question_id[]' value='21' \/><div class='watu-questions-wrap '><input type='hidden' name='answer_ids[]' class='watu-answer-ids' value='59' \/><div class='watu-question-choice'><input type='radio' name='answer-21[]' id='answer-id-59' class='answer answer-8  answerof-21' value='59' \/>&nbsp;<label for='answer-id-59' id='answer-label-59' class=' answer label-8'><span class='answer'>a) Csak cs\u00fasz\u00e1svesz\u00e9ly van az ilyen k\u00f6rnyezetekben.<\/span><\/label><\/div>\n<input type='hidden' name='answer_ids[]' class='watu-answer-ids' value='60' \/><div class='watu-question-choice'><input type='radio' name='answer-21[]' id='answer-id-60' class='answer answer-8  answerof-21' value='60' \/>&nbsp;<label for='answer-id-60' id='answer-label-60' class=' answer label-8'><span class='answer'>b) A b\u0151rfel\u00fclet fel\u00e1z\u00e1s\u00e1t \u00e9s cs\u00fasz\u00e1svesz\u00e9lyt okoz.<\/span><\/label><\/div>\n<input type='hidden' name='answer_ids[]' class='watu-answer-ids' value='61' \/><div class='watu-question-choice'><input type='radio' name='answer-21[]' id='answer-id-61' class='answer answer-8  answerof-21' value='61' \/>&nbsp;<label for='answer-id-61' id='answer-label-61' class=' answer label-8'><span class='answer'>c) Az ilyen k\u00f6rnyezetekben a cs\u00fasz\u00e1svesz\u00e9ly \u00e9s a leveg\u0151 magas p\u00e1ratartalma miatt a k\u00f3rokoz\u00f3k terjed\u00e9se is fokozott kock\u00e1zatot jelent.<\/span><\/label><\/div>\n<\/div><input type='hidden' id='questionType8' value='radio' class='required'><\/div><div class='watu-question' id='question-9'><div class='question-content'><p><span class='watu_num'>9. <\/span><strong>Az \u00e9lelmiszer \u00e9s italgy\u00e1rt\u00e1s sor\u00e1n felhaszn\u00e1lt romland\u00f3 alap \u00e9s seg\u00e9danyagok milyen\u00a0kock\u00e1zatokat jelentenek a munkav\u00e1llal\u00f3kra n\u00e9zve? (3 pont)<\/strong><\/p>\n<\/div><input type='hidden' name='question_id[]' value='22' \/><div class='watu-questions-wrap '><input type='hidden' name='answer_ids[]' class='watu-answer-ids' value='62' \/><div class='watu-question-choice'><input type='radio' name='answer-22[]' id='answer-id-62' class='answer answer-9  answerof-22' value='62' \/>&nbsp;<label for='answer-id-62' id='answer-label-62' class=' answer label-9'><span class='answer'>a) Semmilyen kock\u00e1zatot nem jelent, mert nem eszik meg azokat.<\/span><\/label><\/div>\n<input type='hidden' name='answer_ids[]' class='watu-answer-ids' value='63' \/><div class='watu-question-choice'><input type='radio' name='answer-22[]' id='answer-id-63' class='answer answer-9  answerof-22' value='63' \/>&nbsp;<label for='answer-id-63' id='answer-label-63' class=' answer label-9'><span class='answer'>b) Az \u00e9lelmiszer alap \u00e9s seg\u00e9danyagok vonzz\u00e1k a k\u00fcl\u00f6nb\u00f6z\u0151 k\u00e1rtev\u0151 rovarokat (pl. \u00e9lelmiszer moly) \u00e9s a r\u00e1gcs\u00e1l\u00f3kat (eg\u00e9r, patk\u00e1ny stb.), valamint az oxid\u00e1ci\u00f3s folyamat sor\u00e1n keletkez\u0151 pen\u00e9szgomba sp\u00f3r\u00e1ja okozhat \u00e1rtalmat.<\/span><\/label><\/div>\n<input type='hidden' name='answer_ids[]' class='watu-answer-ids' value='64' \/><div class='watu-question-choice'><input type='radio' name='answer-22[]' id='answer-id-64' class='answer answer-9  answerof-22' value='64' \/>&nbsp;<label for='answer-id-64' id='answer-label-64' class=' answer label-9'><span class='answer'>c) Csak a r\u00e1gcs\u00e1l\u00f3k \u00e9s az \u00e1ltaluk terjesztett betegs\u00e9gek okozz\u00e1k a kock\u00e1zatot.<\/span><\/label><\/div>\n<\/div><input type='hidden' id='questionType9' value='radio' class='required'><\/div><div class='watu-question' id='question-10'><div class='question-content'><p><span class='watu_num'>10. <\/span><strong>Az \u00e9lelmiszer \u00e9s italgy\u00e1rt\u00e1sban haszn\u00e1lt vegyszerek t\u00e1rol\u00e1sa, kezel\u00e9se \u00e9s felhaszn\u00e1l\u00e1sa sor\u00e1n\u00a0felmer\u00fcl\u0151 kock\u00e1zatokat milyen munkav\u00e9delmi dokument\u00e1ci\u00f3ban jelen\u00edten\u00e9 meg? (2 pont)<\/strong><\/p>\n<\/div><input type='hidden' name='question_id[]' value='23' \/><div class='watu-questions-wrap '><input type='hidden' name='answer_ids[]' class='watu-answer-ids' value='65' \/><div class='watu-question-choice'><input type='radio' name='answer-23[]' id='answer-id-65' class='answer answer-10  answerof-23' value='65' \/>&nbsp;<label for='answer-id-65' id='answer-label-65' class=' answer label-10'><span class='answer'>a) Munkav\u00e9delmi szab\u00e1lyzat<\/span><\/label><\/div>\n<input type='hidden' name='answer_ids[]' class='watu-answer-ids' value='66' \/><div class='watu-question-choice'><input type='radio' name='answer-23[]' id='answer-id-66' class='answer answer-10  answerof-23' value='66' \/>&nbsp;<label for='answer-id-66' id='answer-label-66' class=' answer label-10'><span class='answer'>b) Biol\u00f3giai kock\u00e1zat\u00e9rt\u00e9kel\u00e9s<\/span><\/label><\/div>\n<input type='hidden' name='answer_ids[]' class='watu-answer-ids' value='67' \/><div class='watu-question-choice'><input type='radio' name='answer-23[]' id='answer-id-67' class='answer answer-10  answerof-23' value='67' \/>&nbsp;<label for='answer-id-67' id='answer-label-67' class=' answer label-10'><span class='answer'>c) K\u00e9miai kock\u00e1zat\u00e9rt\u00e9kel\u00e9s<\/span><\/label><\/div>\n<\/div><input type='hidden' id='questionType10' value='radio' class='required'><\/div><div style='display:none' id='question-11'><br \/><div class='question-content'><img loading=\"lazy\" decoding=\"async\" src=\"https:\/\/www.munkavedelem-elelmiszeresital.hu\/wp-content\/plugins\/watu\/loading.gif\" width=\"16\" height=\"16\" alt=\"Loading ...\" title=\"Loading ...\" \/>&nbsp;Loading &#8230;<\/div><\/div><br \/>\n<input type=\"button\" name=\"action\" onclick=\"Watu.submitResult()\" id=\"action-button\" value=\"Befejez\u00e9s\"  class=\"watu-submit-button\" \/>\n<input type=\"hidden\" name=\"no_ajax\" value=\"0\"><input type=\"hidden\" name=\"quiz_id\" value=\"3\" \/>\n<input type=\"hidden\" id=\"watuStartTime\" name=\"start_time\" value=\"2026-05-14 12:49:17\" \/>\n<\/form>\n<\/div>\n<div id=\"watu-loading-result\" style=\"display:none;\">\n\t<p align=\"center\"><img loading=\"lazy\" decoding=\"async\" src=\"https:\/\/www.munkavedelem-elelmiszeresital.hu\/wp-content\/plugins\/watu\/loading.gif\" width=\"16\" height=\"16\" alt=\"Loading\" title=\"Loading\" \/><\/p>\n<\/div>\t\n<script type=\"text\/javascript\">\nvar exam_id=0;\nvar question_ids='';\nvar watuURL='';\njQuery(function($){\nquestion_ids = \"14,15,16,17,18,19,20,21,22,23\";\nexam_id = 3;\nWatu.exam_id = exam_id;\nWatu.qArr = question_ids.split(',');\nWatu.post_id = 24;\nWatu.singlePage = '1';\nWatu.hAppID = \"0.42805700 1778762957\";\nwatuURL = \"https:\/\/www.munkavedelem-elelmiszeresital.hu\/wp-admin\/admin-ajax.php\";\nWatu.noAlertUnanswered = 0;\n});\n<\/script>\n","protected":false},"excerpt":{"rendered":"<p>K\u00e9rj\u00fck adja meg e-mail c\u00edm\u00e9t, amire a rendszer a kit\u00f6lt\u00e9s v\u00e9gezt\u00e9vel elk\u00fcldi \u00d6nnek az eredm\u00e9ny\u00e9t! El\u00e9rhet\u0151 maxim\u00e1lis pontsz\u00e1m: 26 pontA \u201cmegfelelt\u201d szinthez sz\u00fcks\u00e9ges pontsz\u00e1m: 22 pont<\/p>\n","protected":false},"author":1,"featured_media":0,"parent":0,"menu_order":0,"comment_status":"closed","ping_status":"closed","template":"","meta":{"footnotes":""},"class_list":["post-24","page","type-page","status-publish","hentry"],"_links":{"self":[{"href":"https:\/\/www.munkavedelem-elelmiszeresital.hu\/index.php\/wp-json\/wp\/v2\/pages\/24","targetHints":{"allow":["GET"]}}],"collection":[{"href":"https:\/\/www.munkavedelem-elelmiszeresital.hu\/index.php\/wp-json\/wp\/v2\/pages"}],"about":[{"href":"https:\/\/www.munkavedelem-elelmiszeresital.hu\/index.php\/wp-json\/wp\/v2\/types\/page"}],"author":[{"embeddable":true,"href":"https:\/\/www.munkavedelem-elelmiszeresital.hu\/index.php\/wp-json\/wp\/v2\/users\/1"}],"replies":[{"embeddable":true,"href":"https:\/\/www.munkavedelem-elelmiszeresital.hu\/index.php\/wp-json\/wp\/v2\/comments?post=24"}],"version-history":[{"count":2,"href":"https:\/\/www.munkavedelem-elelmiszeresital.hu\/index.php\/wp-json\/wp\/v2\/pages\/24\/revisions"}],"predecessor-version":[{"id":152,"href":"https:\/\/www.munkavedelem-elelmiszeresital.hu\/index.php\/wp-json\/wp\/v2\/pages\/24\/revisions\/152"}],"wp:attachment":[{"href":"https:\/\/www.munkavedelem-elelmiszeresital.hu\/index.php\/wp-json\/wp\/v2\/media?parent=24"}],"curies":[{"name":"wp","href":"https:\/\/api.w.org\/{rel}","templated":true}]}}