{"id":216,"date":"2020-02-20T10:36:50","date_gmt":"2020-02-20T10:36:50","guid":{"rendered":"http:\/\/www.munkavedelem-elelmiszeresital.hu\/?page_id=216"},"modified":"2024-07-19T12:25:25","modified_gmt":"2024-07-19T12:25:25","slug":"szakmai-kiadvanyok","status":"publish","type":"page","link":"https:\/\/www.munkavedelem-elelmiszeresital.hu\/index.php\/szakmai-kiadvanyok\/","title":{"rendered":"Szakmai kiadv\u00e1nyok"},"content":{"rendered":"<h5><span style=\"color: #000000;\"><strong>\u00c9lelmiszer- \u00e9s az italgy\u00e1rt\u00e1s \u00e1gazatokhoz tartoz\u00f3 kiadv\u00e1nyok \u00e9s tanulm\u00e1nyok:<\/strong><\/span><\/h5>\n<blockquote class=\"wp-embedded-content\" data-secret=\"P7dA6vmB1w\"><p><a href=\"https:\/\/www.elelmiszeresitalbiztonsag.hu\/index.php\/szakmai-tartalom\/\" target=\"_blank\" rel=\"noopener\">Kiadv\u00e1nyok<\/a><\/p><\/blockquote>\n<p><iframe loading=\"lazy\" title=\"&#8220;Kiadv\u00e1nyok&#8221; &#8212; Munkabiztons\u00e1g \u00e9s a munkaeg\u00e9szs\u00e9g\u00fcgy komplex fejleszt\u00e9se \" class=\"wp-embedded-content\" sandbox=\"allow-scripts\" security=\"restricted\" style=\"position: absolute; clip: rect(1px, 1px, 1px, 1px);\" src=\"https:\/\/www.elelmiszeresitalbiztonsag.hu\/index.php\/szakmai-tartalom\/embed\/#?secret=P7dA6vmB1w\" data-secret=\"P7dA6vmB1w\" width=\"600\" height=\"338\" frameborder=\"0\" marginwidth=\"0\" marginheight=\"0\" scrolling=\"no\"><\/iframe><\/p>\n<blockquote class=\"wp-embedded-content\" data-secret=\"ZJO8F0BfWG\"><p><a href=\"https:\/\/www.elelmiszeresitalbiztonsag.hu\/index.php\/tanulmanyok\/\" target=\"_blank\" rel=\"noopener\">Tanulm\u00e1nyok<\/a><\/p><\/blockquote>\n<p><iframe loading=\"lazy\" title=\"&#8220;Tanulm\u00e1nyok&#8221; &#8212; Munkabiztons\u00e1g \u00e9s a munkaeg\u00e9szs\u00e9g\u00fcgy komplex fejleszt\u00e9se \" class=\"wp-embedded-content\" sandbox=\"allow-scripts\" security=\"restricted\" style=\"position: absolute; clip: rect(1px, 1px, 1px, 1px);\" src=\"https:\/\/www.elelmiszeresitalbiztonsag.hu\/index.php\/tanulmanyok\/embed\/#?secret=ZJO8F0BfWG\" data-secret=\"ZJO8F0BfWG\" width=\"600\" height=\"338\" frameborder=\"0\" marginwidth=\"0\" marginheight=\"0\" scrolling=\"no\"><\/iframe><\/p>\n<h5><span style=\"color: #000000;\"><strong>Munk\u00e1stan\u00e1csok Orsz\u00e1gos Sz\u00f6vets\u00e9ge \u00e1ltal prefer\u00e1lt kiadv\u00e1nyok \u00e9s h\u00edrek:<\/strong><\/span><\/h5>\n<p>https:\/\/munkastanacsok.hu\/category\/cikkek-tanulmanyok\/munkavedelem\/<\/p>\n<h5><strong><span style=\"color: #000000;\">Nemzetk\u00f6zi kiadv\u00e1nyok:<\/span><\/strong><\/h5>\n<p>Az EU-OSHA (Eur\u00f3pai Munkahelyi Biztons\u00e1gi \u00e9s Eg\u00e9szs\u00e9gv\u00e9delmi \u00dcgyn\u00f6ks\u00e9g)<br \/>\nhonlapj\u00e1n tal\u00e1lhat\u00f3 kiadv\u00e1nyok el\u00e9rhet\u0151s\u00e9ge:<br \/>\nhttps:\/\/osha.europa.eu\/hu\/publications<\/p>\n","protected":false},"excerpt":{"rendered":"<p>\u00c9lelmiszer- \u00e9s az italgy\u00e1rt\u00e1s \u00e1gazatokhoz tartoz\u00f3 kiadv\u00e1nyok \u00e9s tanulm\u00e1nyok: Kiadv\u00e1nyok Tanulm\u00e1nyok Munk\u00e1stan\u00e1csok Orsz\u00e1gos Sz\u00f6vets\u00e9ge \u00e1ltal prefer\u00e1lt kiadv\u00e1nyok \u00e9s h\u00edrek: https:\/\/munkastanacsok.hu\/category\/cikkek-tanulmanyok\/munkavedelem\/ Nemzetk\u00f6zi kiadv\u00e1nyok: Az EU-OSHA (Eur\u00f3pai Munkahelyi Biztons\u00e1gi \u00e9s Eg\u00e9szs\u00e9gv\u00e9delmi \u00dcgyn\u00f6ks\u00e9g) honlapj\u00e1n tal\u00e1lhat\u00f3 kiadv\u00e1nyok el\u00e9rhet\u0151s\u00e9ge: https:\/\/osha.europa.eu\/hu\/publications<\/p>\n","protected":false},"author":1,"featured_media":0,"parent":0,"menu_order":0,"comment_status":"closed","ping_status":"closed","template":"","meta":{"footnotes":""},"class_list":["post-216","page","type-page","status-publish","hentry"],"_links":{"self":[{"href":"https:\/\/www.munkavedelem-elelmiszeresital.hu\/index.php\/wp-json\/wp\/v2\/pages\/216","targetHints":{"allow":["GET"]}}],"collection":[{"href":"https:\/\/www.munkavedelem-elelmiszeresital.hu\/index.php\/wp-json\/wp\/v2\/pages"}],"about":[{"href":"https:\/\/www.munkavedelem-elelmiszeresital.hu\/index.php\/wp-json\/wp\/v2\/types\/page"}],"author":[{"embeddable":true,"href":"https:\/\/www.munkavedelem-elelmiszeresital.hu\/index.php\/wp-json\/wp\/v2\/users\/1"}],"replies":[{"embeddable":true,"href":"https:\/\/www.munkavedelem-elelmiszeresital.hu\/index.php\/wp-json\/wp\/v2\/comments?post=216"}],"version-history":[{"count":2,"href":"https:\/\/www.munkavedelem-elelmiszeresital.hu\/index.php\/wp-json\/wp\/v2\/pages\/216\/revisions"}],"predecessor-version":[{"id":224,"href":"https:\/\/www.munkavedelem-elelmiszeresital.hu\/index.php\/wp-json\/wp\/v2\/pages\/216\/revisions\/224"}],"wp:attachment":[{"href":"https:\/\/www.munkavedelem-elelmiszeresital.hu\/index.php\/wp-json\/wp\/v2\/media?parent=216"}],"curies":[{"name":"wp","href":"https:\/\/api.w.org\/{rel}","templated":true}]}}