{"id":12,"date":"2019-10-15T13:44:25","date_gmt":"2019-10-15T13:44:25","guid":{"rendered":"http:\/\/www.munkavedelem-elelmiszeresital.hu\/?page_id=12"},"modified":"2024-07-19T08:05:36","modified_gmt":"2024-07-19T08:05:36","slug":"kezdolap","status":"publish","type":"page","link":"https:\/\/www.munkavedelem-elelmiszeresital.hu\/","title":{"rendered":"Kezd\u0151lap"},"content":{"rendered":"<p style=\"text-align: justify;\">A biztons\u00e1gos munkak\u00f6rnyezet kialak\u00edt\u00e1sa a munk\u00e1ltat\u00f3, valamint a munkav\u00e1llal\u00f3 sz\u00e1m\u00e1ra is sz\u00fcks\u00e9ges, elengedhetetlen a munkav\u00e9gz\u00e9shez, melynek fontoss\u00e1g\u00e1ra t\u00f6rv\u00e9nyi el\u0151\u00edr\u00e1sok h\u00edvj\u00e1k fel a figyelm\u00fcnket. Nagy hangs\u00falyt kell fektetni a munkabiztons\u00e1g \u00e9s munkaeg\u00e9szs\u00e9g\u00fcgy fejleszt\u00e9se, amihez ezen oldal megfelel\u0151 seg\u00edts\u00e9get ny\u00fajthat sz\u00e1mos \u00e1gazathoz, mint az \u00e9lelmiszer \u00e9s az italgy\u00e1rt\u00e1sban foglalkoztatottak r\u00e9sz\u00e9re.<\/p>\n<p style=\"text-align: justify;\">Honlapunk naprak\u00e9sz, hasznos inform\u00e1ci\u00f3kkal l\u00e1tja el a munkav\u00e1llal\u00f3kat \u00e9s munk\u00e1ltat\u00f3kat, valamint a munkav\u00e9delmi szakembereket, amelyek az egyes men\u00fcpontok lenyit\u00e1s\u00e1val k\u00f6nnyen el\u00e9rhet\u0151ek.<\/p>\n<p style=\"text-align: justify;\">A Tud\u00e1sfelm\u00e9r\u0151 f\u00fcl alatt munk\u00e1ltat\u00f3knak, munkav\u00e1llal\u00f3knak \u00e9s szak\u00e9rt\u0151knek biztos\u00edtunk teszteket, melyek kit\u00f6lt\u00e9s\u00e9vel k\u00f6nnyen felm\u00e9rhetik jelenlegi tud\u00e1sukat a munkabiztons\u00e1g \u00e9s munkaeg\u00e9szs\u00e9g\u00fcgy ter\u00e9n. Ezeken fel\u00fcl a K\u00e9rd\u0151\u00edv men\u00fcpont alatt olyan k\u00e9rd\u00e9ssorok tal\u00e1lhat\u00f3k szint\u00e9n c\u00e9lcsoportonk\u00e9nt (munk\u00e1ltat\u00f3k, munkav\u00e1llal\u00f3k \u00e9s szak\u00e9rt\u0151k sz\u00e1m\u00e1ra), melyek seg\u00edtenek felm\u00e9rni a munkabiztons\u00e1g aktu\u00e1lis helyzet\u00e9t az adott munkak\u00f6rnyezetben.<\/p>\n<p style=\"text-align: justify;\">A felmer\u00fcl\u0151 kock\u00e1zatok kezel\u00e9s\u00e9re pedig a Seg\u00e9dletek biztos\u00edtanak megfelel\u0151 v\u00e1laszt.<\/p>\n","protected":false},"excerpt":{"rendered":"<p>A biztons\u00e1gos munkak\u00f6rnyezet kialak\u00edt\u00e1sa a munk\u00e1ltat\u00f3, valamint a munkav\u00e1llal\u00f3 sz\u00e1m\u00e1ra is sz\u00fcks\u00e9ges, elengedhetetlen a munkav\u00e9gz\u00e9shez, melynek fontoss\u00e1g\u00e1ra t\u00f6rv\u00e9nyi el\u0151\u00edr\u00e1sok h\u00edvj\u00e1k fel a figyelm\u00fcnket. Nagy hangs\u00falyt kell fektetni a munkabiztons\u00e1g \u00e9s munkaeg\u00e9szs\u00e9g\u00fcgy fejleszt\u00e9se, amihez ezen oldal megfelel\u0151 seg\u00edts\u00e9get ny\u00fajthat sz\u00e1mos \u00e1gazathoz, mint az \u00e9lelmiszer \u00e9s az italgy\u00e1rt\u00e1sban foglalkoztatottak r\u00e9sz\u00e9re. Honlapunk naprak\u00e9sz, hasznos inform\u00e1ci\u00f3kkal l\u00e1tja el a [&hellip;]<\/p>\n","protected":false},"author":1,"featured_media":0,"parent":0,"menu_order":0,"comment_status":"closed","ping_status":"closed","template":"","meta":{"footnotes":""},"class_list":["post-12","page","type-page","status-publish","hentry"],"_links":{"self":[{"href":"https:\/\/www.munkavedelem-elelmiszeresital.hu\/index.php\/wp-json\/wp\/v2\/pages\/12","targetHints":{"allow":["GET"]}}],"collection":[{"href":"https:\/\/www.munkavedelem-elelmiszeresital.hu\/index.php\/wp-json\/wp\/v2\/pages"}],"about":[{"href":"https:\/\/www.munkavedelem-elelmiszeresital.hu\/index.php\/wp-json\/wp\/v2\/types\/page"}],"author":[{"embeddable":true,"href":"https:\/\/www.munkavedelem-elelmiszeresital.hu\/index.php\/wp-json\/wp\/v2\/users\/1"}],"replies":[{"embeddable":true,"href":"https:\/\/www.munkavedelem-elelmiszeresital.hu\/index.php\/wp-json\/wp\/v2\/comments?post=12"}],"version-history":[{"count":2,"href":"https:\/\/www.munkavedelem-elelmiszeresital.hu\/index.php\/wp-json\/wp\/v2\/pages\/12\/revisions"}],"predecessor-version":[{"id":199,"href":"https:\/\/www.munkavedelem-elelmiszeresital.hu\/index.php\/wp-json\/wp\/v2\/pages\/12\/revisions\/199"}],"wp:attachment":[{"href":"https:\/\/www.munkavedelem-elelmiszeresital.hu\/index.php\/wp-json\/wp\/v2\/media?parent=12"}],"curies":[{"name":"wp","href":"https:\/\/api.w.org\/{rel}","templated":true}]}}