{"id":109,"date":"2020-01-16T15:11:56","date_gmt":"2020-01-16T15:11:56","guid":{"rendered":"http:\/\/www.munkavedelem-elelmiszeresital.hu\/?page_id=109"},"modified":"2020-01-23T10:09:03","modified_gmt":"2020-01-23T10:09:03","slug":"nyomtatvanyok-hasznos-mintak","status":"publish","type":"page","link":"https:\/\/www.munkavedelem-elelmiszeresital.hu\/index.php\/nyomtatvanyok-hasznos-mintak\/","title":{"rendered":"Nyomtatv\u00e1nyok, hasznos mint\u00e1k"},"content":{"rendered":"<h5 style=\"text-align: center;\"><strong><span style=\"color: #000000;\">Anyagh\u00e1nyad-nyilv\u00e1ntart\u00e1s<\/span><\/strong><\/h5>\n\n\n<div class=\"wp-block-button aligncenter is-style-outline is-style-outline--1\"><a class=\"wp-block-button__link\" href=\"http:\/\/www.munkavedelem-elelmiszeresital.hu\/wp-content\/uploads\/2020\/01\/Anyagh\u00e1nyad-nyilv\u00e1ntart\u00e1s.pdf\"><img loading=\"lazy\" decoding=\"async\" width=\"60\" height=\"61\" class=\"wp-image-127\" style=\"width: 60px;\" src=\"http:\/\/www.munkavedelem-elelmiszeresital.hu\/wp-content\/uploads\/2020\/01\/PDF-icon-297x300-e1567083314465.png\" alt=\"\"><\/a><\/div>\n\n\n<h5>\u00a0<\/h5>\n<h5 style=\"text-align: center;\"><strong><span style=\"color: #000000;\">Gy\u00e1rtm\u00e1nylap<\/span><\/strong><\/h5>\n\n\n<div class=\"wp-block-button aligncenter is-style-outline is-style-outline--2\"><a class=\"wp-block-button__link\" href=\"http:\/\/www.munkavedelem-elelmiszeresital.hu\/wp-content\/uploads\/2020\/01\/Gy\u00e1rtm\u00e1nylap.pdf\"><img loading=\"lazy\" decoding=\"async\" width=\"60\" height=\"61\" class=\"wp-image-127\" style=\"width: 60px;\" src=\"http:\/\/www.munkavedelem-elelmiszeresital.hu\/wp-content\/uploads\/2020\/01\/PDF-icon-297x300-e1567083314465.png\" alt=\"\"><\/a><\/div>\n\n\n<h5>\u00a0<\/h5>\n<h5 style=\"text-align: center;\"><strong><span style=\"color: #000000;\">Telep\u00edtett g\u00e9pek nyilv\u00e1ntart\u00e1sa<\/span><\/strong><\/h5>\n\n\n<div class=\"wp-block-columns is-layout-flex wp-container-core-columns-is-layout-9d6595d7 wp-block-columns-is-layout-flex\">\n<div class=\"wp-block-column is-layout-flow wp-block-column-is-layout-flow\">\n<div class=\"wp-block-button alignright is-style-outline is-style-outline--3\"><a class=\"wp-block-button__link\" href=\"http:\/\/www.munkavedelem-elelmiszeresital.hu\/wp-content\/uploads\/2020\/01\/Telep\u00edtett-g\u00e9pek-nyilv\u00e1ntart\u00e1sa.pdf\"><img loading=\"lazy\" decoding=\"async\" width=\"60\" height=\"61\" class=\"wp-image-127\" style=\"width: 60px;\" src=\"http:\/\/www.munkavedelem-elelmiszeresital.hu\/wp-content\/uploads\/2020\/01\/PDF-icon-297x300-e1567083314465.png\" alt=\"\"><\/a><\/div>\n<\/div>\n\n\n\n<div class=\"wp-block-column is-layout-flow wp-block-column-is-layout-flow\">\n<div class=\"wp-block-button is-style-outline is-style-outline--4\"><a class=\"wp-block-button__link\" href=\"http:\/\/www.munkavedelem-elelmiszeresital.hu\/wp-content\/uploads\/2020\/01\/Telep\u00edtett-g\u00e9pek-nyilv\u00e1ntart\u00e1sa.docx\"><img loading=\"lazy\" decoding=\"async\" width=\"50\" height=\"63\" class=\"wp-image-128\" style=\"width: 50px;\" src=\"http:\/\/www.munkavedelem-elelmiszeresital.hu\/wp-content\/uploads\/2020\/01\/word-document-150594_960_720.png\" alt=\"\" srcset=\"https:\/\/www.munkavedelem-elelmiszeresital.hu\/wp-content\/uploads\/2020\/01\/word-document-150594_960_720.png 576w, https:\/\/www.munkavedelem-elelmiszeresital.hu\/wp-content\/uploads\/2020\/01\/word-document-150594_960_720-240x300.png 240w\" sizes=\"auto, (max-width: 50px) 100vw, 50px\" \/><\/a><\/div>\n<\/div>\n<\/div>\n\n\n<h5>\u00a0<\/h5>\n<h5 style=\"text-align: center;\"><strong><span style=\"color: #000000;\">\u00c9lelmiszer \u00e1ltal kialakult megbeteged\u00e9sek<\/span><\/strong><\/h5>\n\n\n<div class=\"wp-block-columns is-layout-flex wp-container-core-columns-is-layout-9d6595d7 wp-block-columns-is-layout-flex\">\n<div class=\"wp-block-column is-layout-flow wp-block-column-is-layout-flow\">\n<div class=\"wp-block-button alignright is-style-outline is-style-outline--5\"><a class=\"wp-block-button__link\" href=\"http:\/\/www.munkavedelem-elelmiszeresital.hu\/wp-content\/uploads\/2020\/01\/\u00c9lelmiszer-\u00e1ltal-kialakult-megbeteged\u00e9sek.pdf\"><img loading=\"lazy\" decoding=\"async\" width=\"60\" height=\"61\" class=\"wp-image-127\" style=\"width: 60px;\" src=\"http:\/\/www.munkavedelem-elelmiszeresital.hu\/wp-content\/uploads\/2020\/01\/PDF-icon-297x300-e1567083314465.png\" alt=\"\"><\/a><\/div>\n<\/div>\n\n\n\n<div class=\"wp-block-column is-layout-flow wp-block-column-is-layout-flow\">\n<div class=\"wp-block-button is-style-outline is-style-outline--6\"><a class=\"wp-block-button__link\" href=\"http:\/\/www.munkavedelem-elelmiszeresital.hu\/wp-content\/uploads\/2020\/01\/\u00c9lelmiszer-\u00e1ltal-kialakult-megbeteged\u00e9sek.docx\"><img loading=\"lazy\" decoding=\"async\" width=\"50\" height=\"63\" class=\"wp-image-128\" style=\"width: 50px;\" src=\"http:\/\/www.munkavedelem-elelmiszeresital.hu\/wp-content\/uploads\/2020\/01\/word-document-150594_960_720.png\" alt=\"\" srcset=\"https:\/\/www.munkavedelem-elelmiszeresital.hu\/wp-content\/uploads\/2020\/01\/word-document-150594_960_720.png 576w, https:\/\/www.munkavedelem-elelmiszeresital.hu\/wp-content\/uploads\/2020\/01\/word-document-150594_960_720-240x300.png 240w\" sizes=\"auto, (max-width: 50px) 100vw, 50px\" \/><\/a><\/div>\n<\/div>\n<\/div>\n\n\n<h5>\u00a0<\/h5>\n<h5 style=\"text-align: center;\"><strong><span style=\"color: #000000;\">Besz\u00e1ll\u00e1sos munkav\u00e9gz\u00e9shez megb\u00edz\u00e1s<\/span><\/strong><\/h5>\n\n\n<div class=\"wp-block-columns is-layout-flex wp-container-core-columns-is-layout-9d6595d7 wp-block-columns-is-layout-flex\">\n<div class=\"wp-block-column is-layout-flow wp-block-column-is-layout-flow\">\n<div class=\"wp-block-button alignright is-style-outline is-style-outline--7\"><a class=\"wp-block-button__link\" href=\"http:\/\/www.munkavedelem-elelmiszeresital.hu\/wp-content\/uploads\/2020\/01\/Besz\u00e1ll\u00e1sos-munkav\u00e9gz\u00e9s-megb\u00edz\u00e1s.pdf\"><img loading=\"lazy\" decoding=\"async\" width=\"60\" height=\"61\" class=\"wp-image-127\" style=\"width: 60px;\" src=\"http:\/\/www.munkavedelem-elelmiszeresital.hu\/wp-content\/uploads\/2020\/01\/PDF-icon-297x300-e1567083314465.png\" alt=\"\"><\/a><\/div>\n<\/div>\n\n\n\n<div class=\"wp-block-column is-layout-flow wp-block-column-is-layout-flow\">\n<div class=\"wp-block-button is-style-outline is-style-outline--8\"><a class=\"wp-block-button__link\" href=\"http:\/\/www.munkavedelem-elelmiszeresital.hu\/wp-content\/uploads\/2020\/01\/Besz\u00e1ll\u00e1sos-munkav\u00e9gz\u00e9s-megb\u00edz\u00e1s.docx\"><img loading=\"lazy\" decoding=\"async\" width=\"50\" height=\"63\" class=\"wp-image-128\" style=\"width: 50px;\" src=\"http:\/\/www.munkavedelem-elelmiszeresital.hu\/wp-content\/uploads\/2020\/01\/word-document-150594_960_720.png\" alt=\"\" srcset=\"https:\/\/www.munkavedelem-elelmiszeresital.hu\/wp-content\/uploads\/2020\/01\/word-document-150594_960_720.png 576w, https:\/\/www.munkavedelem-elelmiszeresital.hu\/wp-content\/uploads\/2020\/01\/word-document-150594_960_720-240x300.png 240w\" sizes=\"auto, (max-width: 50px) 100vw, 50px\" \/><\/a><\/div>\n<\/div>\n<\/div>\n\n\n<h5>\u00a0<\/h5>\n<h5 style=\"text-align: center;\"><span style=\"color: #000000;\">\u00a0<strong>Ioniz\u00e1l\u00f3 sug\u00e1rz\u00e1sr\u00f3l sz\u00f3l\u00f3 nyilv\u00e1ntart\u00e1s<\/strong><\/span><\/h5>\n\n\n<div class=\"wp-block-columns is-layout-flex wp-container-core-columns-is-layout-9d6595d7 wp-block-columns-is-layout-flex\">\n<div class=\"wp-block-column is-layout-flow wp-block-column-is-layout-flow\">\n<div class=\"wp-block-button alignright is-style-outline is-style-outline--9\"><a class=\"wp-block-button__link\" href=\"http:\/\/www.munkavedelem-elelmiszeresital.hu\/wp-content\/uploads\/2020\/01\/Ioniz\u00e1l\u00f3-sug\u00e1rz\u00e1sr\u00f3l-sz\u00f3l\u00f3-nyilv\u00e1ntart\u00e1s.pdf\"><img loading=\"lazy\" decoding=\"async\" width=\"60\" height=\"61\" class=\"wp-image-127\" style=\"width: 60px;\" src=\"http:\/\/www.munkavedelem-elelmiszeresital.hu\/wp-content\/uploads\/2020\/01\/PDF-icon-297x300-e1567083314465.png\" alt=\"\"><\/a><\/div>\n<\/div>\n\n\n\n<div class=\"wp-block-column is-layout-flow wp-block-column-is-layout-flow\">\n<div class=\"wp-block-button is-style-outline is-style-outline--10\"><a class=\"wp-block-button__link\" href=\"http:\/\/www.munkavedelem-elelmiszeresital.hu\/wp-content\/uploads\/2020\/01\/Ioniz\u00e1l\u00f3-sug\u00e1rz\u00e1sr\u00f3l-sz\u00f3l\u00f3-nyilv\u00e1ntart\u00e1s.docx\"><img loading=\"lazy\" decoding=\"async\" width=\"50\" height=\"63\" class=\"wp-image-128\" style=\"width: 50px;\" src=\"http:\/\/www.munkavedelem-elelmiszeresital.hu\/wp-content\/uploads\/2020\/01\/word-document-150594_960_720.png\" alt=\"\" srcset=\"https:\/\/www.munkavedelem-elelmiszeresital.hu\/wp-content\/uploads\/2020\/01\/word-document-150594_960_720.png 576w, https:\/\/www.munkavedelem-elelmiszeresital.hu\/wp-content\/uploads\/2020\/01\/word-document-150594_960_720-240x300.png 240w\" sizes=\"auto, (max-width: 50px) 100vw, 50px\" \/><\/a><\/div>\n<\/div>\n<\/div>\n\n\n<h5>\u00a0<\/h5>\n<h5 style=\"text-align: center;\"><strong><span style=\"color: #000000;\">Toj\u00e1s nyilv\u00e1ntart\u00e1sba v\u00e9tele<\/span><\/strong><\/h5>\n\n\n<div class=\"wp-block-columns is-layout-flex wp-container-core-columns-is-layout-9d6595d7 wp-block-columns-is-layout-flex\">\n<div class=\"wp-block-column is-layout-flow wp-block-column-is-layout-flow\">\n<div class=\"wp-block-button alignright is-style-outline is-style-outline--11\"><a class=\"wp-block-button__link\" href=\"http:\/\/www.munkavedelem-elelmiszeresital.hu\/wp-content\/uploads\/2020\/01\/Toj\u00e1s-nyilv\u00e1ntart\u00e1sba-v\u00e9tele.pdf\"><img loading=\"lazy\" decoding=\"async\" width=\"60\" height=\"61\" class=\"wp-image-127\" style=\"width: 60px;\" src=\"http:\/\/www.munkavedelem-elelmiszeresital.hu\/wp-content\/uploads\/2020\/01\/PDF-icon-297x300-e1567083314465.png\" alt=\"\"><\/a><\/div>\n<\/div>\n\n\n\n<div class=\"wp-block-column is-layout-flow wp-block-column-is-layout-flow\">\n<div class=\"wp-block-button is-style-outline is-style-outline--12\"><a class=\"wp-block-button__link\" href=\"http:\/\/www.munkavedelem-elelmiszeresital.hu\/wp-content\/uploads\/2020\/01\/Toj\u00e1s-nyilv\u00e1ntart\u00e1sba-v\u00e9tele.docx\"><img loading=\"lazy\" decoding=\"async\" width=\"50\" height=\"63\" class=\"wp-image-128\" style=\"width: 50px;\" src=\"http:\/\/www.munkavedelem-elelmiszeresital.hu\/wp-content\/uploads\/2020\/01\/word-document-150594_960_720.png\" alt=\"\" srcset=\"https:\/\/www.munkavedelem-elelmiszeresital.hu\/wp-content\/uploads\/2020\/01\/word-document-150594_960_720.png 576w, https:\/\/www.munkavedelem-elelmiszeresital.hu\/wp-content\/uploads\/2020\/01\/word-document-150594_960_720-240x300.png 240w\" sizes=\"auto, (max-width: 50px) 100vw, 50px\" \/><\/a><\/div>\n<\/div>\n<\/div>\n\n\n<h5>\u00a0<\/h5>\n<h5 style=\"text-align: center;\"><strong><span style=\"color: #000000;\">Tej feldolgoz\u00e1sa, term\u00e9kek gy\u00e1rt\u00e1sa<\/span><\/strong><\/h5>\n\n\n<div class=\"wp-block-columns is-layout-flex wp-container-core-columns-is-layout-9d6595d7 wp-block-columns-is-layout-flex\">\n<div class=\"wp-block-column is-layout-flow wp-block-column-is-layout-flow\">\n<div class=\"wp-block-button alignright is-style-outline is-style-outline--13\"><a class=\"wp-block-button__link\" href=\"http:\/\/www.munkavedelem-elelmiszeresital.hu\/wp-content\/uploads\/2020\/01\/Tej-feldolgoz\u00e1s.pdf\"><img loading=\"lazy\" decoding=\"async\" width=\"60\" height=\"61\" class=\"wp-image-127\" style=\"width: 60px;\" src=\"http:\/\/www.munkavedelem-elelmiszeresital.hu\/wp-content\/uploads\/2020\/01\/PDF-icon-297x300-e1567083314465.png\" alt=\"\"><\/a><\/div>\n<\/div>\n\n\n\n<div class=\"wp-block-column is-layout-flow wp-block-column-is-layout-flow\">\n<div class=\"wp-block-button is-style-outline is-style-outline--14\"><a class=\"wp-block-button__link\" href=\"http:\/\/www.munkavedelem-elelmiszeresital.hu\/wp-content\/uploads\/2020\/01\/Tej-feldolgoz\u00e1s.docx\"><img loading=\"lazy\" decoding=\"async\" width=\"50\" height=\"63\" class=\"wp-image-128\" style=\"width: 50px;\" src=\"http:\/\/www.munkavedelem-elelmiszeresital.hu\/wp-content\/uploads\/2020\/01\/word-document-150594_960_720.png\" alt=\"\" srcset=\"https:\/\/www.munkavedelem-elelmiszeresital.hu\/wp-content\/uploads\/2020\/01\/word-document-150594_960_720.png 576w, https:\/\/www.munkavedelem-elelmiszeresital.hu\/wp-content\/uploads\/2020\/01\/word-document-150594_960_720-240x300.png 240w\" sizes=\"auto, (max-width: 50px) 100vw, 50px\" \/><\/a><\/div>\n<\/div>\n<\/div>\n\n\n<h5>\u00a0<\/h5>\n<h5 style=\"text-align: center;\"><span style=\"color: #000000;\"><strong>Ipari v\u00edzl\u00e1gy\u00edt\u00f3 berendez\u00e9sek nyilv\u00e1ntart\u00e1sa<\/strong><\/span><\/h5>\n\n\n<div class=\"wp-block-columns is-layout-flex wp-container-core-columns-is-layout-9d6595d7 wp-block-columns-is-layout-flex\">\n<div class=\"wp-block-column is-layout-flow wp-block-column-is-layout-flow\">\n<div class=\"wp-block-button alignright is-style-outline is-style-outline--15\"><a class=\"wp-block-button__link\" href=\"http:\/\/www.munkavedelem-elelmiszeresital.hu\/wp-content\/uploads\/2020\/01\/Ipari-v\u00edzl\u00e1gy\u00edt\u00f3-berendez\u00e9s-nyilv\u00e1ntart\u00e1s.pdf\"><img loading=\"lazy\" decoding=\"async\" width=\"60\" height=\"61\" class=\"wp-image-127\" style=\"width: 60px;\" src=\"http:\/\/www.munkavedelem-elelmiszeresital.hu\/wp-content\/uploads\/2020\/01\/PDF-icon-297x300-e1567083314465.png\" alt=\"\"><\/a><\/div>\n<\/div>\n\n\n\n<div class=\"wp-block-column is-layout-flow wp-block-column-is-layout-flow\">\n<div class=\"wp-block-button is-style-outline is-style-outline--16\"><a class=\"wp-block-button__link\" href=\"http:\/\/www.munkavedelem-elelmiszeresital.hu\/wp-content\/uploads\/2020\/01\/Ipari-v\u00edzl\u00e1gy\u00edt\u00f3-berendez\u00e9s-nyilv\u00e1ntart\u00e1s.docx\"><img loading=\"lazy\" decoding=\"async\" width=\"50\" height=\"63\" class=\"wp-image-128\" style=\"width: 50px;\" src=\"http:\/\/www.munkavedelem-elelmiszeresital.hu\/wp-content\/uploads\/2020\/01\/word-document-150594_960_720.png\" alt=\"\" srcset=\"https:\/\/www.munkavedelem-elelmiszeresital.hu\/wp-content\/uploads\/2020\/01\/word-document-150594_960_720.png 576w, https:\/\/www.munkavedelem-elelmiszeresital.hu\/wp-content\/uploads\/2020\/01\/word-document-150594_960_720-240x300.png 240w\" sizes=\"auto, (max-width: 50px) 100vw, 50px\" \/><\/a><\/div>\n<\/div>\n<\/div>\n\n\n<h5>\u00a0<\/h5>\n<h5 style=\"text-align: center;\"><strong><span style=\"color: #000000;\">Szeszesitalok gy\u00e1rt\u00e1sa<\/span><\/strong><\/h5>\n\n\n<div class=\"wp-block-columns is-layout-flex wp-container-core-columns-is-layout-9d6595d7 wp-block-columns-is-layout-flex\">\n<div class=\"wp-block-column is-layout-flow wp-block-column-is-layout-flow\">\n<div class=\"wp-block-button alignright is-style-outline is-style-outline--17\"><a class=\"wp-block-button__link\" href=\"http:\/\/www.munkavedelem-elelmiszeresital.hu\/wp-content\/uploads\/2020\/01\/Szeszesitalok-gy\u00e1rt\u00e1sa.pdf\"><img loading=\"lazy\" decoding=\"async\" width=\"60\" height=\"61\" class=\"wp-image-127\" style=\"width: 60px;\" src=\"http:\/\/www.munkavedelem-elelmiszeresital.hu\/wp-content\/uploads\/2020\/01\/PDF-icon-297x300-e1567083314465.png\" alt=\"\"><\/a><\/div>\n<\/div>\n\n\n\n<div class=\"wp-block-column is-layout-flow wp-block-column-is-layout-flow\">\n<div class=\"wp-block-button is-style-outline is-style-outline--18\"><a class=\"wp-block-button__link\" href=\"http:\/\/www.munkavedelem-elelmiszeresital.hu\/wp-content\/uploads\/2020\/01\/Szeszesitalok-gy\u00e1rt\u00e1sa.docx\"><img loading=\"lazy\" decoding=\"async\" width=\"50\" height=\"63\" class=\"wp-image-128\" style=\"width: 50px;\" src=\"http:\/\/www.munkavedelem-elelmiszeresital.hu\/wp-content\/uploads\/2020\/01\/word-document-150594_960_720.png\" alt=\"\" srcset=\"https:\/\/www.munkavedelem-elelmiszeresital.hu\/wp-content\/uploads\/2020\/01\/word-document-150594_960_720.png 576w, https:\/\/www.munkavedelem-elelmiszeresital.hu\/wp-content\/uploads\/2020\/01\/word-document-150594_960_720-240x300.png 240w\" sizes=\"auto, (max-width: 50px) 100vw, 50px\" \/><\/a><\/div>\n<\/div>\n<\/div>\n\n\n<h5>\u00a0<\/h5>\n<h5 style=\"text-align: center;\"><strong><span style=\"color: #000000;\">Ipari v\u00edztiszt\u00edt\u00f3 berendez\u00e9sek ellen\u0151rz\u00e9si nyilv\u00e1ntart\u00e1sa<\/span><\/strong><\/h5>\n\n\n<div class=\"wp-block-columns is-layout-flex wp-container-core-columns-is-layout-9d6595d7 wp-block-columns-is-layout-flex\">\n<div class=\"wp-block-column is-layout-flow wp-block-column-is-layout-flow\">\n<div class=\"wp-block-button alignright is-style-outline is-style-outline--19\"><a class=\"wp-block-button__link\" href=\"http:\/\/www.munkavedelem-elelmiszeresital.hu\/wp-content\/uploads\/2020\/01\/Ipari-v\u00edztiszt\u00edt\u00f3-berendez\u00e9s-ellen\u0151rz\u00e9si-nyilv\u00e1ntart\u00e1sa.pdf\"><img loading=\"lazy\" decoding=\"async\" width=\"60\" height=\"61\" class=\"wp-image-127\" style=\"width: 60px;\" src=\"http:\/\/www.munkavedelem-elelmiszeresital.hu\/wp-content\/uploads\/2020\/01\/PDF-icon-297x300-e1567083314465.png\" alt=\"\"><\/a><\/div>\n<\/div>\n\n\n\n<div class=\"wp-block-column is-layout-flow wp-block-column-is-layout-flow\">\n<div class=\"wp-block-button is-style-outline is-style-outline--20\"><a class=\"wp-block-button__link\" href=\"http:\/\/www.munkavedelem-elelmiszeresital.hu\/wp-content\/uploads\/2020\/01\/Ipari-v\u00edztiszt\u00edt\u00f3-berendez\u00e9s-ellen\u0151rz\u00e9si-nyilv\u00e1ntart\u00e1sa.docx\"><img loading=\"lazy\" decoding=\"async\" width=\"50\" height=\"63\" class=\"wp-image-128\" style=\"width: 50px;\" src=\"http:\/\/www.munkavedelem-elelmiszeresital.hu\/wp-content\/uploads\/2020\/01\/word-document-150594_960_720.png\" alt=\"\" srcset=\"https:\/\/www.munkavedelem-elelmiszeresital.hu\/wp-content\/uploads\/2020\/01\/word-document-150594_960_720.png 576w, https:\/\/www.munkavedelem-elelmiszeresital.hu\/wp-content\/uploads\/2020\/01\/word-document-150594_960_720-240x300.png 240w\" sizes=\"auto, (max-width: 50px) 100vw, 50px\" \/><\/a><\/div>\n<\/div>\n<\/div>\n","protected":false},"excerpt":{"rendered":"<p>Anyagh\u00e1nyad-nyilv\u00e1ntart\u00e1s \u00a0 Gy\u00e1rtm\u00e1nylap \u00a0 Telep\u00edtett g\u00e9pek nyilv\u00e1ntart\u00e1sa \u00a0 \u00c9lelmiszer \u00e1ltal kialakult megbeteged\u00e9sek \u00a0 Besz\u00e1ll\u00e1sos munkav\u00e9gz\u00e9shez megb\u00edz\u00e1s \u00a0 \u00a0Ioniz\u00e1l\u00f3 sug\u00e1rz\u00e1sr\u00f3l sz\u00f3l\u00f3 nyilv\u00e1ntart\u00e1s \u00a0 Toj\u00e1s nyilv\u00e1ntart\u00e1sba v\u00e9tele \u00a0 Tej feldolgoz\u00e1sa, term\u00e9kek gy\u00e1rt\u00e1sa \u00a0 Ipari v\u00edzl\u00e1gy\u00edt\u00f3 berendez\u00e9sek nyilv\u00e1ntart\u00e1sa \u00a0 Szeszesitalok gy\u00e1rt\u00e1sa \u00a0 Ipari v\u00edztiszt\u00edt\u00f3 berendez\u00e9sek ellen\u0151rz\u00e9si nyilv\u00e1ntart\u00e1sa<\/p>\n","protected":false},"author":1,"featured_media":0,"parent":0,"menu_order":0,"comment_status":"closed","ping_status":"closed","template":"","meta":{"footnotes":""},"class_list":["post-109","page","type-page","status-publish","hentry"],"_links":{"self":[{"href":"https:\/\/www.munkavedelem-elelmiszeresital.hu\/index.php\/wp-json\/wp\/v2\/pages\/109","targetHints":{"allow":["GET"]}}],"collection":[{"href":"https:\/\/www.munkavedelem-elelmiszeresital.hu\/index.php\/wp-json\/wp\/v2\/pages"}],"about":[{"href":"https:\/\/www.munkavedelem-elelmiszeresital.hu\/index.php\/wp-json\/wp\/v2\/types\/page"}],"author":[{"embeddable":true,"href":"https:\/\/www.munkavedelem-elelmiszeresital.hu\/index.php\/wp-json\/wp\/v2\/users\/1"}],"replies":[{"embeddable":true,"href":"https:\/\/www.munkavedelem-elelmiszeresital.hu\/index.php\/wp-json\/wp\/v2\/comments?post=109"}],"version-history":[{"count":25,"href":"https:\/\/www.munkavedelem-elelmiszeresital.hu\/index.php\/wp-json\/wp\/v2\/pages\/109\/revisions"}],"predecessor-version":[{"id":192,"href":"https:\/\/www.munkavedelem-elelmiszeresital.hu\/index.php\/wp-json\/wp\/v2\/pages\/109\/revisions\/192"}],"wp:attachment":[{"href":"https:\/\/www.munkavedelem-elelmiszeresital.hu\/index.php\/wp-json\/wp\/v2\/media?parent=109"}],"curies":[{"name":"wp","href":"https:\/\/api.w.org\/{rel}","templated":true}]}}