{"id":107,"date":"2020-01-16T15:11:38","date_gmt":"2020-01-16T15:11:38","guid":{"rendered":"http:\/\/www.munkavedelem-elelmiszeresital.hu\/?page_id=107"},"modified":"2024-07-19T12:10:24","modified_gmt":"2024-07-19T12:10:24","slug":"kockazatfelmeresi-es-ertekelesi-segedletek","status":"publish","type":"page","link":"https:\/\/www.munkavedelem-elelmiszeresital.hu\/index.php\/kockazatfelmeresi-es-ertekelesi-segedletek\/","title":{"rendered":"Kock\u00e1zatfelm\u00e9r\u00e9si \u00e9s \u00e9rt\u00e9kel\u00e9si seg\u00e9dletek"},"content":{"rendered":"<h4>\u00a0<\/h4>\n<h5><strong><span style=\"color: #000000;\">Seg\u00e9dlet az \u00e9lelmiszer- \u00e9s italgy\u00e1rt\u00e1s \u00e1gazat munk\u00e1ltat\u00f3i ellen\u0151rz\u0151 k\u00e9rd\u00e9ssorhoz<\/span><\/strong><\/h5>\n\n\n<div class=\"wp-block-file\"><a href=\"http:\/\/www.munkavedelem-elelmiszeresital.hu\/wp-content\/uploads\/2020\/01\/Seg\u00e9dlet-a-\u00e9lelmiszer-\u00e9s-italgy\u00e1rt\u00e1s-\u00e1gazat_munk\u00e1ltat\u00f3i-ellen\u0151rz\u0151-k\u00e9rd\u00e9ssorhoz-2.pdf\" class=\"wp-block-file__button\" download>Let\u00f6lt\u00e9s<\/a><\/div>\n\n\n<h5><span style=\"color: #000000;\"><strong>Seg\u00e9dlet az \u00e9lelmiszer- \u00e9s italgy\u00e1rt\u00e1s \u00e1gazat munkav\u00e1llal\u00f3i ellen\u0151rz\u0151 k\u00e9rd\u00e9ssorhoz<\/strong><\/span><\/h5>\n\n\n<div class=\"wp-block-file\"><a href=\"http:\/\/www.munkavedelem-elelmiszeresital.hu\/wp-content\/uploads\/2020\/01\/Seg\u00e9dlet-a-\u00e9lelmiszer-\u00e9s-italgy\u00e1rt\u00e1s-\u00e1gazat_munkav\u00e1llal\u00f3i-ellen\u0151rz\u0151-k\u00e9rd\u00e9ssorhoz.pdf\" class=\"wp-block-file__button\" download>Let\u00f6lt\u00e9s<\/a><\/div>\n\n\n<h5><strong><span style=\"color: #000000;\">Seg\u00e9dlet az \u00e9lelmiszer- \u00e9s italgy\u00e1rt\u00e1s \u00e1gazat munkav\u00e9delmi k\u00e9pvisel\u0151i \u00e1gazat ellen\u0151rz\u0151 k\u00e9rd\u00e9ssorhoz<\/span><\/strong><\/h5>\n\n\n<div class=\"wp-block-file\"><a href=\"http:\/\/www.munkavedelem-elelmiszeresital.hu\/wp-content\/uploads\/2020\/01\/Seg\u00e9dlet-a-\u00e9lelmiszer-\u00e9s-italgy\u00e1rt\u00e1s-\u00e1gazat_munkav\u00e9delmi-k\u00e9pvisel\u0151i-ellen\u0151rz\u0151-k\u00e9rd\u00e9ssorhoz.pdf\" class=\"wp-block-file__button\" download>Let\u00f6lt\u00e9s<\/a><\/div>\n","protected":false},"excerpt":{"rendered":"<p>\u00a0 Seg\u00e9dlet az \u00e9lelmiszer- \u00e9s italgy\u00e1rt\u00e1s \u00e1gazat munk\u00e1ltat\u00f3i ellen\u0151rz\u0151 k\u00e9rd\u00e9ssorhoz Seg\u00e9dlet az \u00e9lelmiszer- \u00e9s italgy\u00e1rt\u00e1s \u00e1gazat munkav\u00e1llal\u00f3i ellen\u0151rz\u0151 k\u00e9rd\u00e9ssorhoz Seg\u00e9dlet az \u00e9lelmiszer- \u00e9s italgy\u00e1rt\u00e1s \u00e1gazat munkav\u00e9delmi k\u00e9pvisel\u0151i \u00e1gazat ellen\u0151rz\u0151 k\u00e9rd\u00e9ssorhoz<\/p>\n","protected":false},"author":1,"featured_media":0,"parent":0,"menu_order":0,"comment_status":"closed","ping_status":"closed","template":"","meta":{"footnotes":""},"class_list":["post-107","page","type-page","status-publish","hentry"],"_links":{"self":[{"href":"https:\/\/www.munkavedelem-elelmiszeresital.hu\/index.php\/wp-json\/wp\/v2\/pages\/107","targetHints":{"allow":["GET"]}}],"collection":[{"href":"https:\/\/www.munkavedelem-elelmiszeresital.hu\/index.php\/wp-json\/wp\/v2\/pages"}],"about":[{"href":"https:\/\/www.munkavedelem-elelmiszeresital.hu\/index.php\/wp-json\/wp\/v2\/types\/page"}],"author":[{"embeddable":true,"href":"https:\/\/www.munkavedelem-elelmiszeresital.hu\/index.php\/wp-json\/wp\/v2\/users\/1"}],"replies":[{"embeddable":true,"href":"https:\/\/www.munkavedelem-elelmiszeresital.hu\/index.php\/wp-json\/wp\/v2\/comments?post=107"}],"version-history":[{"count":6,"href":"https:\/\/www.munkavedelem-elelmiszeresital.hu\/index.php\/wp-json\/wp\/v2\/pages\/107\/revisions"}],"predecessor-version":[{"id":154,"href":"https:\/\/www.munkavedelem-elelmiszeresital.hu\/index.php\/wp-json\/wp\/v2\/pages\/107\/revisions\/154"}],"wp:attachment":[{"href":"https:\/\/www.munkavedelem-elelmiszeresital.hu\/index.php\/wp-json\/wp\/v2\/media?parent=107"}],"curies":[{"name":"wp","href":"https:\/\/api.w.org\/{rel}","templated":true}]}}